{"id":59,"date":"2025-07-13T14:15:28","date_gmt":"2025-07-13T12:15:28","guid":{"rendered":"https:\/\/consulting-gerwien.de\/?page_id=59"},"modified":"2025-07-13T14:20:08","modified_gmt":"2025-07-13T12:20:08","slug":"start","status":"publish","type":"page","link":"https:\/\/consulting-gerwien.de\/","title":{"rendered":"Start"},"content":{"rendered":"\n<h4 class=\"wp-block-heading\"><a href=\"https:\/\/consulting-gerwien.de\/?p=19&amp;customize_changeset_uuid=f56c3e7b-8330-4de5-ae2a-3241885bad52&amp;customize_autosaved=on&amp;customize_messenger_channel=preview-4\">Unsere Beratungsleistungen f\u00fcr Sie<\/a><\/h4>\n\n\n\n<p>Unsere Beratungsleistungen umfassen:<\/p>\n\n\n\n<ol class=\"wp-block-list\">\n<li><strong>IT-Strategieberatung:<\/strong>\u00a0Wir helfen Ihnen dabei, eine klare Vision und Strategie f\u00fcr Ihre IT-Infrastruktur zu entwickeln, die Ihren Gesch\u00e4ftszielen entspricht. Gemeinsam erarbeiten wir einen ma\u00dfgeschneiderten Fahrplan, um Ihre IT-Landschaft optimal zu gestalten und die gew\u00fcnschten Ergebnisse zu erzielen.<\/li>\n\n\n\n<li><strong>IT-Infrastruktur-Optimierung:<\/strong>\u00a0Unsere Experten analysieren Ihre bestehende IT-Infrastruktur, identifizieren Schwachstellen und bieten L\u00f6sungen zur Optimierung an. Wir unterst\u00fctzen Sie bei der Auswahl und Implementierung neuer Technologien, um die Effizienz zu steigern, Kosten zu senken und die Sicherheit Ihrer Systeme zu verbessern.<\/li>\n\n\n\n<li><strong>Projektmanagement:<\/strong>\u00a0Bei der Umsetzung neuer IT-Projekte stehen wir Ihnen mit unserer langj\u00e4hrigen Erfahrung im Projektmanagement zur Seite. Wir helfen Ihnen bei der Planung, Koordination und Durchf\u00fchrung Ihrer IT-Projekte, um sicherzustellen, dass sie termingerecht und innerhalb des Budgets abgeschlossen werden.<\/li>\n\n\n\n<li><strong>IT-Sicherheitsberatung:<\/strong>\u00a0In einer zunehmend vernetzten Welt ist die Sicherheit Ihrer IT-Systeme von entscheidender Bedeutung. Unsere Experten unterst\u00fctzen Sie bei der Entwicklung und Implementierung von robusten Sicherheitsl\u00f6sungen, um Ihre Daten und Netzwerke vor Bedrohungen zu sch\u00fctzen.<\/li>\n\n\n\n<li><strong>Cloud-Beratung:<\/strong>\u00a0Die Cloud-Technologie bietet zahlreiche Vorteile, wie Skalierbarkeit, Flexibilit\u00e4t und Kosteneinsparungen. Wir beraten Sie bei der Auswahl der richtigen Cloud-L\u00f6sung f\u00fcr Ihr Unternehmen und unterst\u00fctzen Sie bei der Migration Ihrer Daten und Anwendungen in die Cloud.<\/li>\n\n\n\n<li><strong>IT F\u00f6rderungsberatung : <\/strong> Eine spezialisierte IT-F\u00f6rderungsberatung umfasst eine Vielzahl an Leistungen, die Unternehmen bei der erfolgreichen Beantragung und Nutzung von F\u00f6rdermitteln unterst\u00fctzen. Zu Beginn steht die Analyse der Ausgangssituation, bei der der aktuelle Digitalisierungsgrad, der konkrete IT-Bedarf sowie die Projektziele des Unternehmens bewertet werden. Darauf aufbauend erfolgt die gezielte Recherche nach passenden F\u00f6rderprogrammen \u2013 hierzu z\u00e4hlen sowohl Bundes- und Landesf\u00f6rderungen wie <em>go-digital<\/em>, <em>Digital Jetzt<\/em>, <em>BAFA<\/em>, <em>ZIM<\/em> oder <em>KMU-Innovativ<\/em>, als auch EU-weite F\u00f6rderprogramme wie <em>Horizon Europe<\/em>, <em>ESF<\/em> oder <em>EFRE<\/em>. Erg\u00e4nzend werden auch branchenspezifische oder regionale F\u00f6rderm\u00f6glichkeiten gepr\u00fcft. Ein weiterer zentraler Bestandteil der Beratung ist die F\u00f6rderf\u00e4higkeitspr\u00fcfung, bei der gekl\u00e4rt wird, ob das Unternehmen und das geplante Projekt die jeweiligen Anforderungen der Programme erf\u00fcllen. Anschlie\u00dfend unterst\u00fctzt die Beratung bei der Antragstellung \u2013 von der inhaltlichen Ausarbeitung \u00fcber die Budgetkalkulation bis hin zur fristgerechten Einreichung. Auch nach der Bewilligung steht der Beratungsdienstleister zur Seite, begleitet die Projektumsetzung und hilft bei der Erstellung der notwendigen Verwendungsnachweise.<\/li>\n<\/ol>\n\n\n\n<p>Unser Ziel ist es, Ihnen ma\u00dfgeschneiderte IT-L\u00f6sungen anzubieten, die Ihren individuellen Anforderungen entsprechen. Wir verstehen, dass jedes Unternehmen einzigartig ist und spezifische Bed\u00fcrfnisse hat. Deshalb legen wir gro\u00dfen Wert auf eine enge Zusammenarbeit mit unseren Kunden, um die besten Ergebnisse zu erzielen.<\/p>\n\n\n\n<p>Wenn Sie auf der Suche nach professioneller IT-Beratung sind, sind Sie bei uns genau richtig. Kontaktieren Sie uns noch heute, um mehr \u00fcber unsere Dienstleistungen zu erfahren.<\/p>\n","protected":false},"excerpt":{"rendered":"<p>Unsere Beratungsleistungen f\u00fcr Sie Unsere Beratungsleistungen umfassen: Unser Ziel ist es, Ihnen ma\u00dfgeschneiderte IT-L\u00f6sungen anzubieten, die Ihren individuellen Anforderungen entsprechen. Wir verstehen, dass jedes Unternehmen einzigartig ist und spezifische Bed\u00fcrfnisse hat. Deshalb legen wir gro\u00dfen Wert auf eine enge Zusammenarbeit mit unseren Kunden, um die besten Ergebnisse zu erzielen. Wenn Sie auf der Suche nach [&hellip;]<\/p>\n","protected":false},"author":1,"featured_media":0,"parent":0,"menu_order":0,"comment_status":"closed","ping_status":"closed","template":"","meta":{"footnotes":""},"class_list":["post-59","page","type-page","status-publish","hentry"],"_links":{"self":[{"href":"https:\/\/consulting-gerwien.de\/index.php?rest_route=\/wp\/v2\/pages\/59","targetHints":{"allow":["GET"]}}],"collection":[{"href":"https:\/\/consulting-gerwien.de\/index.php?rest_route=\/wp\/v2\/pages"}],"about":[{"href":"https:\/\/consulting-gerwien.de\/index.php?rest_route=\/wp\/v2\/types\/page"}],"author":[{"embeddable":true,"href":"https:\/\/consulting-gerwien.de\/index.php?rest_route=\/wp\/v2\/users\/1"}],"replies":[{"embeddable":true,"href":"https:\/\/consulting-gerwien.de\/index.php?rest_route=%2Fwp%2Fv2%2Fcomments&post=59"}],"version-history":[{"count":2,"href":"https:\/\/consulting-gerwien.de\/index.php?rest_route=\/wp\/v2\/pages\/59\/revisions"}],"predecessor-version":[{"id":63,"href":"https:\/\/consulting-gerwien.de\/index.php?rest_route=\/wp\/v2\/pages\/59\/revisions\/63"}],"wp:attachment":[{"href":"https:\/\/consulting-gerwien.de\/index.php?rest_route=%2Fwp%2Fv2%2Fmedia&parent=59"}],"curies":[{"name":"wp","href":"https:\/\/api.w.org\/{rel}","templated":true}]}}